{"id":100,"date":"2019-12-17T08:17:07","date_gmt":"2019-12-17T08:17:07","guid":{"rendered":"http:\/\/shtheme.org\/demosd\/domex\/?page_id=100"},"modified":"2021-08-10T19:31:05","modified_gmt":"2021-08-10T19:31:05","slug":"o-nas","status":"publish","type":"page","link":"https:\/\/wczasydoris.pl\/index.php\/o-nas\/","title":{"rendered":"O nas"},"content":{"rendered":"\t\t<div data-elementor-type=\"wp-post\" data-elementor-id=\"100\" class=\"elementor elementor-100\" data-elementor-settings=\"[]\">\n\t\t\t\t\t\t\t<div class=\"elementor-section-wrap\">\n\t\t\t\t\t\t\t<section class=\"elementor-section elementor-top-section elementor-element elementor-element-13d8966 elementor-section-full_width elementor-section-stretched elementor-section-height-default elementor-section-height-default\" data-id=\"13d8966\" data-element_type=\"section\" data-settings=\"{&quot;stretch_section&quot;:&quot;section-stretched&quot;}\">\n\t\t\t\t\t\t<div class=\"elementor-container elementor-column-gap-default\">\n\t\t\t\t\t<div class=\"elementor-column elementor-col-100 elementor-top-column elementor-element elementor-element-ba7b4d4\" data-id=\"ba7b4d4\" data-element_type=\"column\">\n\t\t\t<div class=\"elementor-widget-wrap elementor-element-populated\">\n\t\t\t\t\t\t\t\t<div class=\"elementor-element elementor-element-1201808 elementor-invisible elementor-widget elementor-widget-frel-counter-with-rating\" data-id=\"1201808\" data-element_type=\"widget\" data-settings=\"{&quot;_animation&quot;:&quot;fadeInUp&quot;}\" data-widget_type=\"frel-counter-with-rating.default\">\n\t\t\t\t<div class=\"elementor-widget-container\">\n\t\t\t<div class=\"cons_w_wrapper\"><div class=\"fn_cs_counter_with_rating\"><div class=\"o_image\" data-bg-img=\"https:\/\/wczasydoris.pl\/wp-content\/uploads\/2021\/08\/DomkiDoris-DJI_0358-internet.jpg\"><\/div><div class=\"container\"><div class=\"inner\"><div class=\"leftpart\"><ul><li><div><h3><span class=\"fn_cs_counter\" data-from=\"0\" data-to=\"45\" data-speed=\"2000\">0<\/span>-<\/h3><p>-<\/p><\/div><\/li><\/ul><\/div><div class=\"rightpart\"><div class=\"rating_holder\"><span class=\"r_footer\"><\/span><img class=\"mobixo_w_fn_svg\" src=\"https:\/\/wczasydoris.pl\/wp-content\/plugins\/mobixo-core\/shortcode\/assets\/svg\/stars.svg\" alt=\"\" \/><h3 class=\"rating_number\"><\/h3><h3 class=\"rating_text\"><\/h3><\/div><div class=\"content_holder\"><h5>Masz dobry pow\u00f3d<\/h5><h3>aby wybra\u0107 wypoczynek u nas!<\/h3><p>Proponujemy wypoczynek blisko natury, \u015bniadania na \u015bwie\u017cym powietrzu, przestrze\u0144 dla dzieci, wsp\u00f3lne grilowanie czy biesiadowanie...<br><br>\n\nNasza dzia\u0142ka po\u0142o\u017cona jest w zielonej cz\u0119\u015bci Stegny. Le\u015bne spacery po\u0142\u0105czone ze zbieraniem jag\u00f3d czy grzyb\u00f3w na pewno daj\u0105 ciekaw\u0105 alternatyw\u0119 do wypoczynku, a w upalne dni  oczywi\u015bcie proponujemy wyj\u015bcie na pla\u017c\u0119 (1800 metr\u00f3w od nas).<\/p><div class=\"img_list fn_cs_lightgallery\"><ul><li><div class=\"lightbox\" data-src=\"https:\/\/wczasydoris.pl\/wp-content\/uploads\/2021\/08\/DomkiDoris-DJI_0351-internet.jpg\" data-bg-img=\"https:\/\/wczasydoris.pl\/wp-content\/uploads\/2021\/08\/DomkiDoris-DJI_0351-internet-150x150.jpg\"><span class=\"plus\"><\/span><img src=\"https:\/\/wczasydoris.pl\/wp-content\/uploads\/2021\/08\/DomkiDoris-DJI_0351-internet-150x150.jpg\" alt=\"\" \/><\/div><\/li><li><div class=\"lightbox\" data-src=\"https:\/\/wczasydoris.pl\/wp-content\/uploads\/2021\/08\/DomkiDoris-DJI_0358-internet-1.jpg\" data-bg-img=\"https:\/\/wczasydoris.pl\/wp-content\/uploads\/2021\/08\/DomkiDoris-DJI_0358-internet-1-150x150.jpg\"><span class=\"plus\"><\/span><img src=\"https:\/\/wczasydoris.pl\/wp-content\/uploads\/2021\/08\/DomkiDoris-DJI_0358-internet-1-150x150.jpg\" alt=\"\" \/><\/div><\/li><li><div class=\"lightbox\" data-src=\"https:\/\/wczasydoris.pl\/wp-content\/uploads\/2021\/08\/DomkiDoris-DJI_0361-internet.jpg\" data-bg-img=\"https:\/\/wczasydoris.pl\/wp-content\/uploads\/2021\/08\/DomkiDoris-DJI_0361-internet-150x150.jpg\"><span class=\"plus\"><\/span><img src=\"https:\/\/wczasydoris.pl\/wp-content\/uploads\/2021\/08\/DomkiDoris-DJI_0361-internet-150x150.jpg\" alt=\"\" \/><\/div><\/li><\/ul><\/div><\/div><div class=\"bg_holder\"><div class=\"o_color\"><\/div><\/div><\/div><\/div><\/div><\/div><\/div>\t\t<\/div>\n\t\t\t\t<\/div>\n\t\t\t\t\t<\/div>\n\t\t<\/div>\n\t\t\t\t\t\t\t<\/div>\n\t\t<\/section>\n\t\t\t\t<section class=\"elementor-section elementor-top-section elementor-element elementor-element-66cd5d4 elementor-section-full_width elementor-section-height-default elementor-section-height-default\" data-id=\"66cd5d4\" data-element_type=\"section\" data-settings=\"{&quot;background_background&quot;:&quot;classic&quot;}\">\n\t\t\t\t\t\t<div class=\"elementor-container elementor-column-gap-default\">\n\t\t\t\t\t<div class=\"elementor-column elementor-col-50 elementor-top-column elementor-element elementor-element-ba88223\" data-id=\"ba88223\" data-element_type=\"column\">\n\t\t\t<div class=\"elementor-widget-wrap elementor-element-populated\">\n\t\t\t\t\t\t\t\t<div class=\"elementor-element elementor-element-e97b778 elementor-invisible elementor-widget elementor-widget-frel-main-title\" data-id=\"e97b778\" data-element_type=\"widget\" data-settings=\"{&quot;_animation&quot;:&quot;fadeIn&quot;}\" data-widget_type=\"frel-main-title.default\">\n\t\t\t\t<div class=\"elementor-widget-container\">\n\t\t\t<div class=\"cons_w_wrapper\"><div class=\"fn_cs_main_title\"><div class=\"container\"><div class=\"title_holder\"><h3>Dla<span> dzieci<\/span><\/h3><\/div><\/div><\/div><\/div>\t\t<\/div>\n\t\t\t\t<\/div>\n\t\t\t\t<div class=\"elementor-element elementor-element-9aa05f0 elementor-invisible elementor-widget elementor-widget-frel-description\" data-id=\"9aa05f0\" data-element_type=\"widget\" data-settings=\"{&quot;_animation&quot;:&quot;fadeIn&quot;}\" data-widget_type=\"frel-description.default\">\n\t\t\t\t<div class=\"elementor-widget-container\">\n\t\t\t<div class=\"cons_w_wrapper\"><div class=\"fn_cs_description\"><div class=\"container\"><div class=\"desc_holder\"><p>Przygotowali\u015bmy wiat\u0119 z pi\u0142karzykami, tablic\u0105 kredow\u0105, grami. <br><br>Na du\u017cej ogrodzonej dzia\u0142ce znajduj\u0105 si\u0119 r\u00f3wnie\u017c dwie hu\u015btawki, hamak, trampolina domek drewniany ze zje\u017cd\u017calni\u0105, siatka do badmintona.\n<br><br>Jeste\u015bmy otwarci na du\u017ce rodziny chc\u0105ce wypocz\u0105\u0107 w bezpieczny i przyjemny spos\u00f3b. Zar\u00f3wno ma\u0142e dzieci jak i te wi\u0119ksze mi\u0142o sp\u0119dz\u0105 u nas wypoczynek.<\/p><\/div><\/div><\/div><\/div>\t\t<\/div>\n\t\t\t\t<\/div>\n\t\t\t\t\t<\/div>\n\t\t<\/div>\n\t\t\t\t<div class=\"elementor-column elementor-col-50 elementor-top-column elementor-element elementor-element-d94af95\" data-id=\"d94af95\" data-element_type=\"column\">\n\t\t\t<div class=\"elementor-widget-wrap elementor-element-populated\">\n\t\t\t\t\t\t\t\t<div class=\"elementor-element elementor-element-156ebef elementor-widget elementor-widget-frel-justified-images\" data-id=\"156ebef\" data-element_type=\"widget\" data-widget_type=\"frel-justified-images.default\">\n\t\t\t\t<div class=\"elementor-widget-container\">\n\t\t\t<div class=\"cons_w_wrapper\"><div class=\"fn_cs_just_imgs_list\"><div class=\"fn_cs_just_imgs_list_images fn_cs_lightgallery\" data-just-h=\"137\" data-just-g=\"8\"><a class=\"lightbox\" href=\"\" data-src=\"https:\/\/wczasydoris.pl\/wp-content\/uploads\/2021\/08\/DomkiDorisStegna-EON_0473-internet.jpg\" data-sub-html=\"\">\r\n\t\t\t\t\t\t\t<img src=\"https:\/\/wczasydoris.pl\/wp-content\/uploads\/2021\/08\/DomkiDorisStegna-EON_0473-internet.jpg\" alt=\"\" \/><\/a><a class=\"lightbox\" href=\"\" data-src=\"https:\/\/wczasydoris.pl\/wp-content\/uploads\/2021\/08\/DomkiDorisStegna-EON_0500-internet.jpg\" data-sub-html=\"\">\r\n\t\t\t\t\t\t\t<img src=\"https:\/\/wczasydoris.pl\/wp-content\/uploads\/2021\/08\/DomkiDorisStegna-EON_0500-internet.jpg\" alt=\"\" \/><\/a><a class=\"lightbox\" href=\"\" data-src=\"https:\/\/wczasydoris.pl\/wp-content\/uploads\/2021\/08\/DomkiDorisStegna-EON_0506-internet.jpg\" data-sub-html=\"\">\r\n\t\t\t\t\t\t\t<img src=\"https:\/\/wczasydoris.pl\/wp-content\/uploads\/2021\/08\/DomkiDorisStegna-EON_0506-internet.jpg\" alt=\"\" \/><\/a><a class=\"lightbox\" href=\"\" data-src=\"https:\/\/wczasydoris.pl\/wp-content\/uploads\/2021\/08\/DomkiDorisStegna-DJI_0359-internet.jpg\" data-sub-html=\"\">\r\n\t\t\t\t\t\t\t<img src=\"https:\/\/wczasydoris.pl\/wp-content\/uploads\/2021\/08\/DomkiDorisStegna-DJI_0359-internet.jpg\" alt=\"\" \/><\/a><\/div><\/div><\/div>\t\t<\/div>\n\t\t\t\t<\/div>\n\t\t\t\t\t<\/div>\n\t\t<\/div>\n\t\t\t\t\t\t\t<\/div>\n\t\t<\/section>\n\t\t\t\t<section class=\"elementor-section elementor-top-section elementor-element elementor-element-d317a22 elementor-section-content-middle elementor-section-stretched elementor-section-boxed elementor-section-height-default elementor-section-height-default\" data-id=\"d317a22\" data-element_type=\"section\" data-settings=\"{&quot;stretch_section&quot;:&quot;section-stretched&quot;,&quot;background_background&quot;:&quot;classic&quot;}\">\n\t\t\t\t\t\t\t<div class=\"elementor-background-overlay\"><\/div>\n\t\t\t\t\t\t\t<div class=\"elementor-container elementor-column-gap-default\">\n\t\t\t\t\t<div class=\"elementor-column elementor-col-100 elementor-top-column elementor-element elementor-element-96fa5e5\" data-id=\"96fa5e5\" data-element_type=\"column\">\n\t\t\t<div class=\"elementor-widget-wrap elementor-element-populated\">\n\t\t\t\t\t\t\t\t<section class=\"elementor-section elementor-inner-section elementor-element elementor-element-fa3948c elementor-section-boxed elementor-section-height-default elementor-section-height-default\" data-id=\"fa3948c\" data-element_type=\"section\">\n\t\t\t\t\t\t<div class=\"elementor-container elementor-column-gap-default\">\n\t\t\t\t\t<div class=\"elementor-column elementor-col-50 elementor-inner-column elementor-element elementor-element-a2784f1\" data-id=\"a2784f1\" data-element_type=\"column\" data-settings=\"{&quot;background_background&quot;:&quot;gradient&quot;}\">\n\t\t\t<div class=\"elementor-widget-wrap elementor-element-populated\">\n\t\t\t\t\t\t\t\t<div class=\"elementor-element elementor-element-30ec699 elementor-invisible elementor-widget elementor-widget-frel-main-title\" data-id=\"30ec699\" data-element_type=\"widget\" data-settings=\"{&quot;_animation&quot;:&quot;fadeIn&quot;}\" data-widget_type=\"frel-main-title.default\">\n\t\t\t\t<div class=\"elementor-widget-container\">\n\t\t\t<div class=\"cons_w_wrapper\"><div class=\"fn_cs_main_title\"><div class=\"container\"><div class=\"title_holder\"><h3>Dzia\u0142ka w\u015br\u00f3d<span>zieleni<\/span><\/h3><\/div><\/div><\/div><\/div>\t\t<\/div>\n\t\t\t\t<\/div>\n\t\t\t\t<div class=\"elementor-element elementor-element-1cfd1ec elementor-invisible elementor-widget elementor-widget-frel-description\" data-id=\"1cfd1ec\" data-element_type=\"widget\" data-settings=\"{&quot;_animation&quot;:&quot;fadeIn&quot;}\" data-widget_type=\"frel-description.default\">\n\t\t\t\t<div class=\"elementor-widget-container\">\n\t\t\t<div class=\"cons_w_wrapper\"><div class=\"fn_cs_description\"><div class=\"container\"><div class=\"desc_holder\"><p>Du\u017ce altany wyposa\u017cone w sprz\u0119t do grillowania umil\u0105 Pa\u0144stwu ciep\u0142e letnie wieczory.<br><br>Jedzenie albo porann\u0105 kaw\u0119 na \u015bwie\u017cym powietrzy zapewni\u0105 meble ogrodowe, kt\u00f3rych jest pod dostatkiem\n<br><br>Na \u017cyczenie go\u015bci udost\u0119pniamy sprz\u0119t pla\u017cowy. Przy wje\u017adzie od ul. Ok\u00f3lnej zlokalizowany jest du\u017cy utwardzony parking.\n\n<br><br>Ca\u0142a nasz dzia\u0142ka jest pod zasi\u0119giem WiFi.<br><br><b> Jak wida\u0107 naturalna ziele\u0144 to nasz ulubiony kolor \ud83d\ude42<\/b><\/p><\/div><\/div><\/div><\/div>\t\t<\/div>\n\t\t\t\t<\/div>\n\t\t\t\t\t<\/div>\n\t\t<\/div>\n\t\t\t\t<div class=\"elementor-column elementor-col-50 elementor-inner-column elementor-element elementor-element-3ef11b0\" data-id=\"3ef11b0\" data-element_type=\"column\">\n\t\t\t<div class=\"elementor-widget-wrap\">\n\t\t\t\t\t\t\t\t\t<\/div>\n\t\t<\/div>\n\t\t\t\t\t\t\t<\/div>\n\t\t<\/section>\n\t\t\t\t<section class=\"elementor-section elementor-inner-section elementor-element elementor-element-e7e3424 elementor-section-boxed elementor-section-height-default elementor-section-height-default\" data-id=\"e7e3424\" data-element_type=\"section\">\n\t\t\t\t\t\t<div class=\"elementor-container elementor-column-gap-default\">\n\t\t\t\t\t<div class=\"elementor-column elementor-col-100 elementor-inner-column elementor-element elementor-element-8977ae9\" data-id=\"8977ae9\" data-element_type=\"column\">\n\t\t\t<div class=\"elementor-widget-wrap elementor-element-populated\">\n\t\t\t\t\t\t\t\t<div class=\"elementor-element elementor-element-e0eece3 elementor-widget elementor-widget-frel-justified-images\" data-id=\"e0eece3\" data-element_type=\"widget\" data-widget_type=\"frel-justified-images.default\">\n\t\t\t\t<div class=\"elementor-widget-container\">\n\t\t\t<div class=\"cons_w_wrapper\"><div class=\"fn_cs_just_imgs_list\"><div class=\"fn_cs_just_imgs_list_images fn_cs_lightgallery\" data-just-h=\"125\" data-just-g=\"8\"><a class=\"lightbox\" href=\"\" data-src=\"https:\/\/wczasydoris.pl\/wp-content\/uploads\/2021\/08\/DomkiDorisStegna-EON_0469-internet.jpg\" data-sub-html=\"\">\r\n\t\t\t\t\t\t\t<img src=\"https:\/\/wczasydoris.pl\/wp-content\/uploads\/2021\/08\/DomkiDorisStegna-EON_0469-internet.jpg\" alt=\"\" \/><\/a><a class=\"lightbox\" href=\"\" data-src=\"https:\/\/wczasydoris.pl\/wp-content\/uploads\/2021\/08\/DomkiDorisStegna-DJI_0369-internet-2.jpg\" data-sub-html=\"\">\r\n\t\t\t\t\t\t\t<img src=\"https:\/\/wczasydoris.pl\/wp-content\/uploads\/2021\/08\/DomkiDorisStegna-DJI_0369-internet-2.jpg\" alt=\"\" \/><\/a><a class=\"lightbox\" href=\"\" data-src=\"https:\/\/wczasydoris.pl\/wp-content\/uploads\/2021\/08\/parking-.jpg\" data-sub-html=\"\">\r\n\t\t\t\t\t\t\t<img src=\"https:\/\/wczasydoris.pl\/wp-content\/uploads\/2021\/08\/parking-.jpg\" alt=\"\" \/><\/a><a class=\"lightbox\" href=\"\" data-src=\"https:\/\/wczasydoris.pl\/wp-content\/uploads\/2021\/08\/DomkiDorisStegna-EON_0497-internet.jpg\" data-sub-html=\"\">\r\n\t\t\t\t\t\t\t<img src=\"https:\/\/wczasydoris.pl\/wp-content\/uploads\/2021\/08\/DomkiDorisStegna-EON_0497-internet.jpg\" alt=\"\" \/><\/a><a class=\"lightbox\" href=\"\" data-src=\"https:\/\/wczasydoris.pl\/wp-content\/uploads\/2021\/08\/DomkiDoris-DJI_0358-internet-1.jpg\" data-sub-html=\"\">\r\n\t\t\t\t\t\t\t<img src=\"https:\/\/wczasydoris.pl\/wp-content\/uploads\/2021\/08\/DomkiDoris-DJI_0358-internet-1.jpg\" alt=\"\" \/><\/a><\/div><\/div><\/div>\t\t<\/div>\n\t\t\t\t<\/div>\n\t\t\t\t\t<\/div>\n\t\t<\/div>\n\t\t\t\t\t\t\t<\/div>\n\t\t<\/section>\n\t\t\t\t\t<\/div>\n\t\t<\/div>\n\t\t\t\t\t\t\t<\/div>\n\t\t<\/section>\n\t\t\t\t\t\t<\/div>\n\t\t\t\t\t<\/div>\n\t\t","protected":false},"excerpt":{"rendered":"<p>0- &#8211; Masz dobry pow\u00f3d aby wybra\u0107 wypoczynek u nas! Proponujemy wypoczynek blisko natury, \u015bniadania na \u015bwie\u017cym powietrzu, przestrze\u0144 dla dzieci, wsp\u00f3lne grilowanie czy biesiadowanie&#8230; Nasza dzia\u0142ka po\u0142o\u017cona jest w zielonej cz\u0119\u015bci Stegny. Le\u015bne spacery po\u0142\u0105czone ze zbieraniem jag\u00f3d czy grzyb\u00f3w na pewno daj\u0105 ciekaw\u0105 alternatyw\u0119 do wypoczynku, a w upalne dni oczywi\u015bcie proponujemy wyj\u015bcie [&hellip;]<\/p>\n","protected":false},"author":1,"featured_media":722,"parent":0,"menu_order":0,"comment_status":"closed","ping_status":"closed","template":"","meta":[],"yoast_head":"<!-- This site is optimized with the Yoast SEO plugin v16.9 - https:\/\/yoast.com\/wordpress\/plugins\/seo\/ -->\n<title>O nas &bull; Wczasy Doris Stegna<\/title>\n<meta name=\"robots\" content=\"index, follow, max-snippet:-1, max-image-preview:large, max-video-preview:-1\" \/>\n<link rel=\"canonical\" href=\"https:\/\/wczasydoris.pl\/index.php\/o-nas\/\" \/>\n<meta property=\"og:locale\" content=\"pl_PL\" \/>\n<meta property=\"og:type\" content=\"article\" \/>\n<meta property=\"og:title\" content=\"O nas &bull; Wczasy Doris Stegna\" \/>\n<meta property=\"og:description\" content=\"0- &#8211; Masz dobry pow\u00f3d aby wybra\u0107 wypoczynek u nas! Proponujemy wypoczynek blisko natury, \u015bniadania na \u015bwie\u017cym powietrzu, przestrze\u0144 dla dzieci, wsp\u00f3lne grilowanie czy biesiadowanie&#8230; Nasza dzia\u0142ka po\u0142o\u017cona jest w zielonej cz\u0119\u015bci Stegny. Le\u015bne spacery po\u0142\u0105czone ze zbieraniem jag\u00f3d czy grzyb\u00f3w na pewno daj\u0105 ciekaw\u0105 alternatyw\u0119 do wypoczynku, a w upalne dni oczywi\u015bcie proponujemy wyj\u015bcie [&hellip;]\" \/>\n<meta property=\"og:url\" content=\"https:\/\/wczasydoris.pl\/index.php\/o-nas\/\" \/>\n<meta property=\"og:site_name\" content=\"Wczasy Doris Stegna\" \/>\n<meta property=\"article:publisher\" content=\"https:\/\/www.facebook.com\/profile.php?id=100009230281409\" \/>\n<meta property=\"article:modified_time\" content=\"2021-08-10T19:31:05+00:00\" \/>\n<meta property=\"og:image\" content=\"https:\/\/wczasydoris.pl\/wp-content\/uploads\/2021\/08\/DomkiDorisStegna-EON_0511-internet.jpg\" \/>\n\t<meta property=\"og:image:width\" content=\"1280\" \/>\n\t<meta property=\"og:image:height\" content=\"853\" \/>\n<meta name=\"twitter:card\" content=\"summary_large_image\" \/>\n<meta name=\"twitter:label1\" content=\"Szacowany czas czytania\" \/>\n\t<meta name=\"twitter:data1\" content=\"1 minuta\" \/>\n<script type=\"application\/ld+json\" class=\"yoast-schema-graph\">{\"@context\":\"https:\/\/schema.org\",\"@graph\":[{\"@type\":\"Organization\",\"@id\":\"https:\/\/wczasydoris.pl\/#organization\",\"name\":\"Pokoje i Domki Doris w Stegnie\",\"url\":\"https:\/\/wczasydoris.pl\/\",\"sameAs\":[\"https:\/\/www.facebook.com\/profile.php?id=100009230281409\"],\"logo\":{\"@type\":\"ImageObject\",\"@id\":\"https:\/\/wczasydoris.pl\/#logo\",\"inLanguage\":\"pl-PL\",\"url\":\"https:\/\/wczasydoris.pl\/wp-content\/uploads\/2021\/08\/wczasydoris1500.png\",\"contentUrl\":\"https:\/\/wczasydoris.pl\/wp-content\/uploads\/2021\/08\/wczasydoris1500.png\",\"width\":1500,\"height\":321,\"caption\":\"Pokoje i Domki Doris w Stegnie\"},\"image\":{\"@id\":\"https:\/\/wczasydoris.pl\/#logo\"}},{\"@type\":\"WebSite\",\"@id\":\"https:\/\/wczasydoris.pl\/#website\",\"url\":\"https:\/\/wczasydoris.pl\/\",\"name\":\"Pokoje i Domki Doris w Stegnie\",\"description\":\"Pokoje i Domki Doris w Stegnie | Mierzeja Wi\\u015blana\",\"publisher\":{\"@id\":\"https:\/\/wczasydoris.pl\/#organization\"},\"potentialAction\":[{\"@type\":\"SearchAction\",\"target\":{\"@type\":\"EntryPoint\",\"urlTemplate\":\"https:\/\/wczasydoris.pl\/?s={search_term_string}\"},\"query-input\":\"required name=search_term_string\"}],\"inLanguage\":\"pl-PL\"},{\"@type\":\"ImageObject\",\"@id\":\"https:\/\/wczasydoris.pl\/index.php\/o-nas\/#primaryimage\",\"inLanguage\":\"pl-PL\",\"url\":\"https:\/\/wczasydoris.pl\/wp-content\/uploads\/2021\/08\/DomkiDorisStegna-EON_0511-internet.jpg\",\"contentUrl\":\"https:\/\/wczasydoris.pl\/wp-content\/uploads\/2021\/08\/DomkiDorisStegna-EON_0511-internet.jpg\",\"width\":1280,\"height\":853},{\"@type\":\"WebPage\",\"@id\":\"https:\/\/wczasydoris.pl\/index.php\/o-nas\/#webpage\",\"url\":\"https:\/\/wczasydoris.pl\/index.php\/o-nas\/\",\"name\":\"O nas &bull; Wczasy Doris Stegna\",\"isPartOf\":{\"@id\":\"https:\/\/wczasydoris.pl\/#website\"},\"primaryImageOfPage\":{\"@id\":\"https:\/\/wczasydoris.pl\/index.php\/o-nas\/#primaryimage\"},\"datePublished\":\"2019-12-17T08:17:07+00:00\",\"dateModified\":\"2021-08-10T19:31:05+00:00\",\"breadcrumb\":{\"@id\":\"https:\/\/wczasydoris.pl\/index.php\/o-nas\/#breadcrumb\"},\"inLanguage\":\"pl-PL\",\"potentialAction\":[{\"@type\":\"ReadAction\",\"target\":[\"https:\/\/wczasydoris.pl\/index.php\/o-nas\/\"]}]},{\"@type\":\"BreadcrumbList\",\"@id\":\"https:\/\/wczasydoris.pl\/index.php\/o-nas\/#breadcrumb\",\"itemListElement\":[{\"@type\":\"ListItem\",\"position\":1,\"name\":\"Strona g\\u0142\\u00f3wna\",\"item\":\"https:\/\/wczasydoris.pl\/\"},{\"@type\":\"ListItem\",\"position\":2,\"name\":\"O nas\"}]}]}<\/script>\n<!-- \/ Yoast SEO plugin. -->","yoast_head_json":{"title":"O nas &bull; Wczasy Doris Stegna","robots":{"index":"index","follow":"follow","max-snippet":"max-snippet:-1","max-image-preview":"max-image-preview:large","max-video-preview":"max-video-preview:-1"},"canonical":"https:\/\/wczasydoris.pl\/index.php\/o-nas\/","og_locale":"pl_PL","og_type":"article","og_title":"O nas &bull; Wczasy Doris Stegna","og_description":"0- &#8211; Masz dobry pow\u00f3d aby wybra\u0107 wypoczynek u nas! Proponujemy wypoczynek blisko natury, \u015bniadania na \u015bwie\u017cym powietrzu, przestrze\u0144 dla dzieci, wsp\u00f3lne grilowanie czy biesiadowanie&#8230; Nasza dzia\u0142ka po\u0142o\u017cona jest w zielonej cz\u0119\u015bci Stegny. Le\u015bne spacery po\u0142\u0105czone ze zbieraniem jag\u00f3d czy grzyb\u00f3w na pewno daj\u0105 ciekaw\u0105 alternatyw\u0119 do wypoczynku, a w upalne dni oczywi\u015bcie proponujemy wyj\u015bcie [&hellip;]","og_url":"https:\/\/wczasydoris.pl\/index.php\/o-nas\/","og_site_name":"Wczasy Doris Stegna","article_publisher":"https:\/\/www.facebook.com\/profile.php?id=100009230281409","article_modified_time":"2021-08-10T19:31:05+00:00","og_image":[{"width":1280,"height":853,"url":"https:\/\/wczasydoris.pl\/wp-content\/uploads\/2021\/08\/DomkiDorisStegna-EON_0511-internet.jpg","path":"\/home\/dorisste\/public_html\/wp-content\/uploads\/2021\/08\/DomkiDorisStegna-EON_0511-internet.jpg","size":"full","id":722,"alt":"","pixels":1091840,"type":"image\/jpeg"}],"twitter_card":"summary_large_image","twitter_misc":{"Szacowany czas czytania":"1 minuta"},"schema":{"@context":"https:\/\/schema.org","@graph":[{"@type":"Organization","@id":"https:\/\/wczasydoris.pl\/#organization","name":"Pokoje i Domki Doris w Stegnie","url":"https:\/\/wczasydoris.pl\/","sameAs":["https:\/\/www.facebook.com\/profile.php?id=100009230281409"],"logo":{"@type":"ImageObject","@id":"https:\/\/wczasydoris.pl\/#logo","inLanguage":"pl-PL","url":"https:\/\/wczasydoris.pl\/wp-content\/uploads\/2021\/08\/wczasydoris1500.png","contentUrl":"https:\/\/wczasydoris.pl\/wp-content\/uploads\/2021\/08\/wczasydoris1500.png","width":1500,"height":321,"caption":"Pokoje i Domki Doris w Stegnie"},"image":{"@id":"https:\/\/wczasydoris.pl\/#logo"}},{"@type":"WebSite","@id":"https:\/\/wczasydoris.pl\/#website","url":"https:\/\/wczasydoris.pl\/","name":"Pokoje i Domki Doris w Stegnie","description":"Pokoje i Domki Doris w Stegnie | Mierzeja Wi\u015blana","publisher":{"@id":"https:\/\/wczasydoris.pl\/#organization"},"potentialAction":[{"@type":"SearchAction","target":{"@type":"EntryPoint","urlTemplate":"https:\/\/wczasydoris.pl\/?s={search_term_string}"},"query-input":"required name=search_term_string"}],"inLanguage":"pl-PL"},{"@type":"ImageObject","@id":"https:\/\/wczasydoris.pl\/index.php\/o-nas\/#primaryimage","inLanguage":"pl-PL","url":"https:\/\/wczasydoris.pl\/wp-content\/uploads\/2021\/08\/DomkiDorisStegna-EON_0511-internet.jpg","contentUrl":"https:\/\/wczasydoris.pl\/wp-content\/uploads\/2021\/08\/DomkiDorisStegna-EON_0511-internet.jpg","width":1280,"height":853},{"@type":"WebPage","@id":"https:\/\/wczasydoris.pl\/index.php\/o-nas\/#webpage","url":"https:\/\/wczasydoris.pl\/index.php\/o-nas\/","name":"O nas &bull; Wczasy Doris Stegna","isPartOf":{"@id":"https:\/\/wczasydoris.pl\/#website"},"primaryImageOfPage":{"@id":"https:\/\/wczasydoris.pl\/index.php\/o-nas\/#primaryimage"},"datePublished":"2019-12-17T08:17:07+00:00","dateModified":"2021-08-10T19:31:05+00:00","breadcrumb":{"@id":"https:\/\/wczasydoris.pl\/index.php\/o-nas\/#breadcrumb"},"inLanguage":"pl-PL","potentialAction":[{"@type":"ReadAction","target":["https:\/\/wczasydoris.pl\/index.php\/o-nas\/"]}]},{"@type":"BreadcrumbList","@id":"https:\/\/wczasydoris.pl\/index.php\/o-nas\/#breadcrumb","itemListElement":[{"@type":"ListItem","position":1,"name":"Strona g\u0142\u00f3wna","item":"https:\/\/wczasydoris.pl\/"},{"@type":"ListItem","position":2,"name":"O nas"}]}]}},"_links":{"self":[{"href":"https:\/\/wczasydoris.pl\/index.php\/wp-json\/wp\/v2\/pages\/100"}],"collection":[{"href":"https:\/\/wczasydoris.pl\/index.php\/wp-json\/wp\/v2\/pages"}],"about":[{"href":"https:\/\/wczasydoris.pl\/index.php\/wp-json\/wp\/v2\/types\/page"}],"author":[{"embeddable":true,"href":"https:\/\/wczasydoris.pl\/index.php\/wp-json\/wp\/v2\/users\/1"}],"replies":[{"embeddable":true,"href":"https:\/\/wczasydoris.pl\/index.php\/wp-json\/wp\/v2\/comments?post=100"}],"version-history":[{"count":25,"href":"https:\/\/wczasydoris.pl\/index.php\/wp-json\/wp\/v2\/pages\/100\/revisions"}],"predecessor-version":[{"id":1052,"href":"https:\/\/wczasydoris.pl\/index.php\/wp-json\/wp\/v2\/pages\/100\/revisions\/1052"}],"wp:featuredmedia":[{"embeddable":true,"href":"https:\/\/wczasydoris.pl\/index.php\/wp-json\/wp\/v2\/media\/722"}],"wp:attachment":[{"href":"https:\/\/wczasydoris.pl\/index.php\/wp-json\/wp\/v2\/media?parent=100"}],"curies":[{"name":"wp","href":"https:\/\/api.w.org\/{rel}","templated":true}]}}