{"id":105,"date":"2019-12-17T08:55:03","date_gmt":"2019-12-17T08:55:03","guid":{"rendered":"http:\/\/shtheme.org\/demosd\/domex\/?page_id=105"},"modified":"2021-08-11T08:45:19","modified_gmt":"2021-08-11T08:45:19","slug":"atrakcje","status":"publish","type":"page","link":"https:\/\/wczasydoris.pl\/index.php\/atrakcje\/","title":{"rendered":"Atrakcje"},"content":{"rendered":"\t\t<div data-elementor-type=\"wp-post\" data-elementor-id=\"105\" class=\"elementor elementor-105\" data-elementor-settings=\"[]\">\n\t\t\t\t\t\t\t<div class=\"elementor-section-wrap\">\n\t\t\t\t\t\t\t<section class=\"elementor-section elementor-top-section elementor-element elementor-element-74c9692 elementor-section-height-min-height elementor-section-stretched elementor-section-boxed elementor-section-height-default elementor-section-items-middle\" data-id=\"74c9692\" data-element_type=\"section\" data-settings=\"{&quot;stretch_section&quot;:&quot;section-stretched&quot;,&quot;background_background&quot;:&quot;classic&quot;}\">\n\t\t\t\t\t\t<div class=\"elementor-container elementor-column-gap-default\">\n\t\t\t\t\t<div class=\"elementor-column elementor-col-100 elementor-top-column elementor-element elementor-element-daf8050\" data-id=\"daf8050\" data-element_type=\"column\">\n\t\t\t<div class=\"elementor-widget-wrap elementor-element-populated\">\n\t\t\t\t\t\t\t\t<section class=\"elementor-section elementor-inner-section elementor-element elementor-element-4cb5bfe elementor-section-boxed elementor-section-height-default elementor-section-height-default\" data-id=\"4cb5bfe\" data-element_type=\"section\">\n\t\t\t\t\t\t<div class=\"elementor-container elementor-column-gap-default\">\n\t\t\t\t\t<div class=\"elementor-column elementor-col-50 elementor-inner-column elementor-element elementor-element-155ccd9\" data-id=\"155ccd9\" data-element_type=\"column\">\n\t\t\t<div class=\"elementor-widget-wrap\">\n\t\t\t\t\t\t\t\t\t<\/div>\n\t\t<\/div>\n\t\t\t\t<div class=\"elementor-column elementor-col-50 elementor-inner-column elementor-element elementor-element-164b346\" data-id=\"164b346\" data-element_type=\"column\" data-settings=\"{&quot;background_background&quot;:&quot;classic&quot;}\">\n\t\t\t<div class=\"elementor-widget-wrap elementor-element-populated\">\n\t\t\t\t\t\t\t\t<div class=\"elementor-element elementor-element-1767f43 elementor-widget elementor-widget-frel-title-with-description\" data-id=\"1767f43\" data-element_type=\"widget\" data-widget_type=\"frel-title-with-description.default\">\n\t\t\t\t<div class=\"elementor-widget-container\">\n\t\t\t<div class=\"cons_w_wrapper\"><div class=\"fn_cs_title_with_description\"><div class=\"container\"><div class=\"title_holder\"><h3>Eksploruj<\/h3><p>Poni\u017cej przedstawiamy propozycje, kt\u00f3re mog\u0105 umili\u0107 Pa\u0144stwu pobyt w Stegnie i na Mierzei Wi\u015blanej<\/p><\/div><\/div><\/div><\/div>\t\t<\/div>\n\t\t\t\t<\/div>\n\t\t\t\t\t<\/div>\n\t\t<\/div>\n\t\t\t\t\t\t\t<\/div>\n\t\t<\/section>\n\t\t\t\t\t<\/div>\n\t\t<\/div>\n\t\t\t\t\t\t\t<\/div>\n\t\t<\/section>\n\t\t\t\t<section class=\"elementor-section elementor-top-section elementor-element elementor-element-e404aeb elementor-section-boxed elementor-section-height-default elementor-section-height-default\" data-id=\"e404aeb\" data-element_type=\"section\">\n\t\t\t\t\t\t<div class=\"elementor-container elementor-column-gap-default\">\n\t\t\t\t\t<div class=\"elementor-column elementor-col-100 elementor-top-column elementor-element elementor-element-36bbbc6\" data-id=\"36bbbc6\" data-element_type=\"column\">\n\t\t\t<div class=\"elementor-widget-wrap elementor-element-populated\">\n\t\t\t\t\t\t\t\t<div class=\"elementor-element elementor-element-8faa0f3 elementor-widget elementor-widget-frel-team-members\" data-id=\"8faa0f3\" data-element_type=\"widget\" data-widget_type=\"frel-team-members.default\">\n\t\t\t\t<div class=\"elementor-widget-container\">\n\t\t\t<div class=\"cons_w_wrapper\"><div class=\"fn_cs_team_members\"><ul><li><div class=\"item\"><div class=\"img_holder\"><span class=\"right_wing\"><\/span><div class=\"abs_img\" data-bg-img=\"https:\/\/wczasydoris.pl\/wp-content\/uploads\/2021\/08\/amber-beads-jewellery-made-of-amber-traditional-so-T3YFUEH.jpg\"><\/div><img src=\"https:\/\/wczasydoris.pl\/wp-content\/plugins\/mobixo-core\/shortcode\/assets\/img\/thumb-560-360.jpg\" alt=\"\" \/><\/div><div class=\"title_holder\"><h5>Stegna<\/h5><h3>Muzeum Bursztynu<\/h3><\/div><\/div><\/li><li><div class=\"item\"><div class=\"img_holder\"><span class=\"right_wing\"><\/span><div class=\"abs_img\" data-bg-img=\"https:\/\/wczasydoris.pl\/wp-content\/uploads\/2021\/08\/baltyk-DSC_7495-internet.jpg\"><\/div><img src=\"https:\/\/wczasydoris.pl\/wp-content\/plugins\/mobixo-core\/shortcode\/assets\/img\/thumb-560-360.jpg\" alt=\"\" \/><\/div><div class=\"title_holder\"><h5>Stegna<\/h5><h3>Ko\u015bci\u00f3\u0142 pw. Serca Pana Jezusa<\/h3><\/div><\/div><\/li><li><div class=\"item\"><div class=\"img_holder\"><span class=\"right_wing\"><\/span><div class=\"abs_img\" data-bg-img=\"https:\/\/wczasydoris.pl\/wp-content\/uploads\/2021\/08\/baltyk-DJI_0729-internet.jpg\"><\/div><img src=\"https:\/\/wczasydoris.pl\/wp-content\/plugins\/mobixo-core\/shortcode\/assets\/img\/thumb-560-360.jpg\" alt=\"\" \/><\/div><div class=\"title_holder\"><h5>Stegna<\/h5><h3>Labirynt w polu kukurydzy<\/h3><\/div><\/div><\/li><li><div class=\"item\"><div class=\"img_holder\"><span class=\"right_wing\"><\/span><div class=\"abs_img\" data-bg-img=\"https:\/\/wczasydoris.pl\/wp-content\/uploads\/2021\/08\/971842_580794048610047_1183982526_n.jpg\"><\/div><img src=\"https:\/\/wczasydoris.pl\/wp-content\/plugins\/mobixo-core\/shortcode\/assets\/img\/thumb-560-360.jpg\" alt=\"\" \/><\/div><div class=\"title_holder\"><h5>Stegna<\/h5><h3>Park Linowy <\/h3><\/div><\/div><\/li><li><div class=\"item\"><div class=\"img_holder\"><span class=\"right_wing\"><\/span><div class=\"abs_img\" data-bg-img=\"https:\/\/wczasydoris.pl\/wp-content\/uploads\/2021\/08\/kolej558436056158-440x220-1.jpg\"><\/div><img src=\"https:\/\/wczasydoris.pl\/wp-content\/plugins\/mobixo-core\/shortcode\/assets\/img\/thumb-560-360.jpg\" alt=\"\" \/><\/div><div class=\"title_holder\"><h5>Stegna<\/h5><h3>Kolej W\u0105skotorowa<\/h3><\/div><\/div><\/li><li><div class=\"item\"><div class=\"img_holder\"><span class=\"right_wing\"><\/span><div class=\"abs_img\" data-bg-img=\"https:\/\/wczasydoris.pl\/wp-content\/uploads\/2021\/08\/wczasy-doris-DSC_7435-internet.jpg\"><\/div><img src=\"https:\/\/wczasydoris.pl\/wp-content\/plugins\/mobixo-core\/shortcode\/assets\/img\/thumb-560-360.jpg\" alt=\"\" \/><\/div><div class=\"title_holder\"><h5>Stegna<\/h5><h3>Bulwar Radiowej Jedynki<\/h3><\/div><\/div><\/li><li><div class=\"item\"><div class=\"img_holder\"><span class=\"right_wing\"><\/span><div class=\"abs_img\" data-bg-img=\"https:\/\/wczasydoris.pl\/wp-content\/uploads\/2021\/08\/wczasy-doris-DJI_0261-internet.jpg\"><\/div><img src=\"https:\/\/wczasydoris.pl\/wp-content\/plugins\/mobixo-core\/shortcode\/assets\/img\/thumb-560-360.jpg\" alt=\"\" \/><\/div><div class=\"title_holder\"><h5>\u017bu\u0142awki<\/h5><h3>\u015aluza Gda\u0144ska G\u0142owa<\/h3><\/div><\/div><\/li><li><div class=\"item\"><div class=\"img_holder\"><span class=\"right_wing\"><\/span><div class=\"abs_img\" data-bg-img=\"https:\/\/wczasydoris.pl\/wp-content\/uploads\/2021\/08\/Mierzeja-Wislana3-DJI_0892-Edit-internet.jpg\"><\/div><img src=\"https:\/\/wczasydoris.pl\/wp-content\/plugins\/mobixo-core\/shortcode\/assets\/img\/thumb-560-360.jpg\" alt=\"\" \/><\/div><div class=\"title_holder\"><h5>Mikoszewo<\/h5><h3>Uj\u015bcie Wis\u0142y<\/h3><\/div><\/div><\/li><li><div class=\"item\"><div class=\"img_holder\"><span class=\"right_wing\"><\/span><div class=\"abs_img\" data-bg-img=\"https:\/\/wczasydoris.pl\/wp-content\/uploads\/2021\/08\/wczasy-doris-DJI_0690-Edit-internet.jpg\"><\/div><img src=\"https:\/\/wczasydoris.pl\/wp-content\/plugins\/mobixo-core\/shortcode\/assets\/img\/thumb-560-360.jpg\" alt=\"\" \/><\/div><div class=\"title_holder\"><h5>Mikoszewo<\/h5><h3>Rezerwat Mewia \u0141acha<\/h3><\/div><\/div><\/li><li><div class=\"item\"><div class=\"img_holder\"><span class=\"right_wing\"><\/span><div class=\"abs_img\" data-bg-img=\"https:\/\/wczasydoris.pl\/wp-content\/uploads\/2021\/08\/wczasy-doris-DJI_0984-internet.jpg\"><\/div><img src=\"https:\/\/wczasydoris.pl\/wp-content\/plugins\/mobixo-core\/shortcode\/assets\/img\/thumb-560-360.jpg\" alt=\"\" \/><\/div><div class=\"title_holder\"><h5>Mikoszewo<\/h5><h3>Przeprawa promowa<\/h3><\/div><\/div><\/li><li><div class=\"item\"><div class=\"img_holder\"><span class=\"right_wing\"><\/span><div class=\"abs_img\" data-bg-img=\"https:\/\/wczasydoris.pl\/wp-content\/uploads\/2021\/08\/wczasy-doris-DSC_6932-internet.jpg\"><\/div><img src=\"https:\/\/wczasydoris.pl\/wp-content\/plugins\/mobixo-core\/shortcode\/assets\/img\/thumb-560-360.jpg\" alt=\"\" \/><\/div><div class=\"title_holder\"><h5>Sztutowo<\/h5><h3>Muzeum Stutthof<\/h3><\/div><\/div><\/li><li><div class=\"item\"><div class=\"img_holder\"><span class=\"right_wing\"><\/span><div class=\"abs_img\" data-bg-img=\"https:\/\/wczasydoris.pl\/wp-content\/uploads\/2021\/08\/wczasy-doris-DJI_0886-internet.jpg\"><\/div><img src=\"https:\/\/wczasydoris.pl\/wp-content\/plugins\/mobixo-core\/shortcode\/assets\/img\/thumb-560-360.jpg\" alt=\"\" \/><\/div><div class=\"title_holder\"><h5>Sztutowo<\/h5><h3>Most Czterech Pancernych<\/h3><\/div><\/div><\/li><li><div class=\"item\"><div class=\"img_holder\"><span class=\"right_wing\"><\/span><div class=\"abs_img\" data-bg-img=\"https:\/\/wczasydoris.pl\/wp-content\/uploads\/2021\/08\/wczasy-doris-EON_3853-internet.jpg\"><\/div><img src=\"https:\/\/wczasydoris.pl\/wp-content\/plugins\/mobixo-core\/shortcode\/assets\/img\/thumb-560-360.jpg\" alt=\"\" \/><\/div><div class=\"title_holder\"><h5>K\u0105ty Rybackie<\/h5><h3>Muzeum Zalewu Wi\u015blanego<\/h3><\/div><\/div><\/li><li><div class=\"item\"><div class=\"img_holder\"><span class=\"right_wing\"><\/span><div class=\"abs_img\" data-bg-img=\"https:\/\/wczasydoris.pl\/wp-content\/uploads\/2021\/08\/wczasy-doris-DJI_0377-internet.jpg\"><\/div><img src=\"https:\/\/wczasydoris.pl\/wp-content\/plugins\/mobixo-core\/shortcode\/assets\/img\/thumb-560-360.jpg\" alt=\"\" \/><\/div><div class=\"title_holder\"><h5>Nowy \u015awiat<\/h5><h3>Przekop Mierzei Wi\u015blanej<\/h3><\/div><\/div><\/li><li><div class=\"item\"><div class=\"img_holder\"><span class=\"right_wing\"><\/span><div class=\"abs_img\" data-bg-img=\"https:\/\/wczasydoris.pl\/wp-content\/uploads\/2021\/08\/wczasy-doris-_EON7243-internet.jpg\"><\/div><img src=\"https:\/\/wczasydoris.pl\/wp-content\/plugins\/mobixo-core\/shortcode\/assets\/img\/thumb-560-360.jpg\" alt=\"\" \/><\/div><div class=\"title_holder\"><h5>Przebrno<\/h5><h3>Granica Wolnego Miasta Gda\u0144sk<\/h3><\/div><\/div><\/li><li><div class=\"item\"><div class=\"img_holder\"><span class=\"right_wing\"><\/span><div class=\"abs_img\" data-bg-img=\"https:\/\/wczasydoris.pl\/wp-content\/uploads\/2021\/08\/wczasy-doris-DJI_0120-Edit-internet.jpg\"><\/div><img src=\"https:\/\/wczasydoris.pl\/wp-content\/plugins\/mobixo-core\/shortcode\/assets\/img\/thumb-560-360.jpg\" alt=\"\" \/><\/div><div class=\"title_holder\"><h5>Krynica Morska<\/h5><h3>Port Jachtowy<\/h3><\/div><\/div><\/li><li><div class=\"item\"><div class=\"img_holder\"><span class=\"right_wing\"><\/span><div class=\"abs_img\" data-bg-img=\"https:\/\/wczasydoris.pl\/wp-content\/uploads\/2021\/08\/wczasy-doris-DSC_8123-internet.jpg\"><\/div><img src=\"https:\/\/wczasydoris.pl\/wp-content\/plugins\/mobixo-core\/shortcode\/assets\/img\/thumb-560-360.jpg\" alt=\"\" \/><\/div><div class=\"title_holder\"><h5>Krynica Morska<\/h5><h3>Latarnia Morska<\/h3><\/div><\/div><\/li><li><div class=\"item\"><div class=\"img_holder\"><span class=\"right_wing\"><\/span><div class=\"abs_img\" data-bg-img=\"https:\/\/wczasydoris.pl\/wp-content\/uploads\/2021\/08\/Mierzeja-Wislana-_EON6169-internet.jpg\"><\/div><img src=\"https:\/\/wczasydoris.pl\/wp-content\/plugins\/mobixo-core\/shortcode\/assets\/img\/thumb-560-360.jpg\" alt=\"\" \/><\/div><div class=\"title_holder\"><h5>Krynica Morska<\/h5><h3>Punk Widokowy G\u00f3ra Pirata<\/h3><\/div><\/div><\/li><li><div class=\"item\"><div class=\"img_holder\"><span class=\"right_wing\"><\/span><div class=\"abs_img\" data-bg-img=\"https:\/\/wczasydoris.pl\/wp-content\/uploads\/2021\/08\/wczasy-doris-DJI_0153-Edit-2-internet.jpg\"><\/div><img src=\"https:\/\/wczasydoris.pl\/wp-content\/plugins\/mobixo-core\/shortcode\/assets\/img\/thumb-560-360.jpg\" alt=\"\" \/><\/div><div class=\"title_holder\"><h5>Mierzeja Wi\u015blana<\/h5><h3>\u015acie\u017cka rowerowa R-10<\/h3><\/div><\/div><\/li><\/ul><\/div><\/div>\t\t<\/div>\n\t\t\t\t<\/div>\n\t\t\t\t\t<\/div>\n\t\t<\/div>\n\t\t\t\t\t\t\t<\/div>\n\t\t<\/section>\n\t\t\t\t\t\t<\/div>\n\t\t\t\t\t<\/div>\n\t\t","protected":false},"excerpt":{"rendered":"<p>Eksploruj Poni\u017cej przedstawiamy propozycje, kt\u00f3re mog\u0105 umili\u0107 Pa\u0144stwu pobyt w Stegnie i na Mierzei Wi\u015blanej Stegna Muzeum Bursztynu Stegna Ko\u015bci\u00f3\u0142 pw. Serca Pana Jezusa Stegna Labirynt w polu kukurydzy Stegna Park Linowy Stegna Kolej W\u0105skotorowa Stegna Bulwar Radiowej Jedynki \u017bu\u0142awki \u015aluza Gda\u0144ska G\u0142owa Mikoszewo Uj\u015bcie Wis\u0142y Mikoszewo Rezerwat Mewia \u0141acha Mikoszewo Przeprawa promowa Sztutowo Muzeum [&hellip;]<\/p>\n","protected":false},"author":1,"featured_media":886,"parent":0,"menu_order":0,"comment_status":"closed","ping_status":"closed","template":"","meta":[],"yoast_head":"<!-- This site is optimized with the Yoast SEO plugin v16.9 - https:\/\/yoast.com\/wordpress\/plugins\/seo\/ -->\n<title>Atrakcje &bull; Wczasy Doris Stegna<\/title>\n<meta name=\"robots\" content=\"index, follow, max-snippet:-1, max-image-preview:large, max-video-preview:-1\" \/>\n<link rel=\"canonical\" href=\"https:\/\/wczasydoris.pl\/index.php\/atrakcje\/\" \/>\n<meta property=\"og:locale\" content=\"pl_PL\" \/>\n<meta property=\"og:type\" content=\"article\" \/>\n<meta property=\"og:title\" content=\"Atrakcje &bull; Wczasy Doris Stegna\" \/>\n<meta property=\"og:description\" content=\"Eksploruj Poni\u017cej przedstawiamy propozycje, kt\u00f3re mog\u0105 umili\u0107 Pa\u0144stwu pobyt w Stegnie i na Mierzei Wi\u015blanej Stegna Muzeum Bursztynu Stegna Ko\u015bci\u00f3\u0142 pw. Serca Pana Jezusa Stegna Labirynt w polu kukurydzy Stegna Park Linowy Stegna Kolej W\u0105skotorowa Stegna Bulwar Radiowej Jedynki \u017bu\u0142awki \u015aluza Gda\u0144ska G\u0142owa Mikoszewo Uj\u015bcie Wis\u0142y Mikoszewo Rezerwat Mewia \u0141acha Mikoszewo Przeprawa promowa Sztutowo Muzeum [&hellip;]\" \/>\n<meta property=\"og:url\" content=\"https:\/\/wczasydoris.pl\/index.php\/atrakcje\/\" \/>\n<meta property=\"og:site_name\" content=\"Wczasy Doris Stegna\" \/>\n<meta property=\"article:publisher\" content=\"https:\/\/www.facebook.com\/profile.php?id=100009230281409\" \/>\n<meta property=\"article:modified_time\" content=\"2021-08-11T08:45:19+00:00\" \/>\n<meta property=\"og:image\" content=\"https:\/\/wczasydoris.pl\/wp-content\/uploads\/2021\/08\/Mierzeja-Wislana2-_EON6199-internet.jpg\" \/>\n\t<meta property=\"og:image:width\" content=\"1920\" \/>\n\t<meta property=\"og:image:height\" content=\"1280\" \/>\n<meta name=\"twitter:card\" content=\"summary_large_image\" \/>\n<meta name=\"twitter:label1\" content=\"Szacowany czas czytania\" \/>\n\t<meta name=\"twitter:data1\" content=\"5 minut\" \/>\n<script type=\"application\/ld+json\" class=\"yoast-schema-graph\">{\"@context\":\"https:\/\/schema.org\",\"@graph\":[{\"@type\":\"Organization\",\"@id\":\"https:\/\/wczasydoris.pl\/#organization\",\"name\":\"Pokoje i Domki Doris w Stegnie\",\"url\":\"https:\/\/wczasydoris.pl\/\",\"sameAs\":[\"https:\/\/www.facebook.com\/profile.php?id=100009230281409\"],\"logo\":{\"@type\":\"ImageObject\",\"@id\":\"https:\/\/wczasydoris.pl\/#logo\",\"inLanguage\":\"pl-PL\",\"url\":\"https:\/\/wczasydoris.pl\/wp-content\/uploads\/2021\/08\/wczasydoris1500.png\",\"contentUrl\":\"https:\/\/wczasydoris.pl\/wp-content\/uploads\/2021\/08\/wczasydoris1500.png\",\"width\":1500,\"height\":321,\"caption\":\"Pokoje i Domki Doris w Stegnie\"},\"image\":{\"@id\":\"https:\/\/wczasydoris.pl\/#logo\"}},{\"@type\":\"WebSite\",\"@id\":\"https:\/\/wczasydoris.pl\/#website\",\"url\":\"https:\/\/wczasydoris.pl\/\",\"name\":\"Pokoje i Domki Doris w Stegnie\",\"description\":\"Pokoje i Domki Doris w Stegnie | Mierzeja Wi\\u015blana\",\"publisher\":{\"@id\":\"https:\/\/wczasydoris.pl\/#organization\"},\"potentialAction\":[{\"@type\":\"SearchAction\",\"target\":{\"@type\":\"EntryPoint\",\"urlTemplate\":\"https:\/\/wczasydoris.pl\/?s={search_term_string}\"},\"query-input\":\"required name=search_term_string\"}],\"inLanguage\":\"pl-PL\"},{\"@type\":\"ImageObject\",\"@id\":\"https:\/\/wczasydoris.pl\/index.php\/atrakcje\/#primaryimage\",\"inLanguage\":\"pl-PL\",\"url\":\"https:\/\/wczasydoris.pl\/wp-content\/uploads\/2021\/08\/Mierzeja-Wislana2-_EON6199-internet.jpg\",\"contentUrl\":\"https:\/\/wczasydoris.pl\/wp-content\/uploads\/2021\/08\/Mierzeja-Wislana2-_EON6199-internet.jpg\",\"width\":1920,\"height\":1280},{\"@type\":\"WebPage\",\"@id\":\"https:\/\/wczasydoris.pl\/index.php\/atrakcje\/#webpage\",\"url\":\"https:\/\/wczasydoris.pl\/index.php\/atrakcje\/\",\"name\":\"Atrakcje &bull; Wczasy Doris Stegna\",\"isPartOf\":{\"@id\":\"https:\/\/wczasydoris.pl\/#website\"},\"primaryImageOfPage\":{\"@id\":\"https:\/\/wczasydoris.pl\/index.php\/atrakcje\/#primaryimage\"},\"datePublished\":\"2019-12-17T08:55:03+00:00\",\"dateModified\":\"2021-08-11T08:45:19+00:00\",\"breadcrumb\":{\"@id\":\"https:\/\/wczasydoris.pl\/index.php\/atrakcje\/#breadcrumb\"},\"inLanguage\":\"pl-PL\",\"potentialAction\":[{\"@type\":\"ReadAction\",\"target\":[\"https:\/\/wczasydoris.pl\/index.php\/atrakcje\/\"]}]},{\"@type\":\"BreadcrumbList\",\"@id\":\"https:\/\/wczasydoris.pl\/index.php\/atrakcje\/#breadcrumb\",\"itemListElement\":[{\"@type\":\"ListItem\",\"position\":1,\"name\":\"Strona g\\u0142\\u00f3wna\",\"item\":\"https:\/\/wczasydoris.pl\/\"},{\"@type\":\"ListItem\",\"position\":2,\"name\":\"Atrakcje\"}]}]}<\/script>\n<!-- \/ Yoast SEO plugin. -->","yoast_head_json":{"title":"Atrakcje &bull; Wczasy Doris Stegna","robots":{"index":"index","follow":"follow","max-snippet":"max-snippet:-1","max-image-preview":"max-image-preview:large","max-video-preview":"max-video-preview:-1"},"canonical":"https:\/\/wczasydoris.pl\/index.php\/atrakcje\/","og_locale":"pl_PL","og_type":"article","og_title":"Atrakcje &bull; Wczasy Doris Stegna","og_description":"Eksploruj Poni\u017cej przedstawiamy propozycje, kt\u00f3re mog\u0105 umili\u0107 Pa\u0144stwu pobyt w Stegnie i na Mierzei Wi\u015blanej Stegna Muzeum Bursztynu Stegna Ko\u015bci\u00f3\u0142 pw. Serca Pana Jezusa Stegna Labirynt w polu kukurydzy Stegna Park Linowy Stegna Kolej W\u0105skotorowa Stegna Bulwar Radiowej Jedynki \u017bu\u0142awki \u015aluza Gda\u0144ska G\u0142owa Mikoszewo Uj\u015bcie Wis\u0142y Mikoszewo Rezerwat Mewia \u0141acha Mikoszewo Przeprawa promowa Sztutowo Muzeum [&hellip;]","og_url":"https:\/\/wczasydoris.pl\/index.php\/atrakcje\/","og_site_name":"Wczasy Doris Stegna","article_publisher":"https:\/\/www.facebook.com\/profile.php?id=100009230281409","article_modified_time":"2021-08-11T08:45:19+00:00","og_image":[{"width":1920,"height":1280,"url":"https:\/\/wczasydoris.pl\/wp-content\/uploads\/2021\/08\/Mierzeja-Wislana2-_EON6199-internet.jpg","path":"\/home\/dorisste\/public_html\/wp-content\/uploads\/2021\/08\/Mierzeja-Wislana2-_EON6199-internet.jpg","size":"full","id":886,"alt":"","pixels":2457600,"type":"image\/jpeg"}],"twitter_card":"summary_large_image","twitter_misc":{"Szacowany czas czytania":"5 minut"},"schema":{"@context":"https:\/\/schema.org","@graph":[{"@type":"Organization","@id":"https:\/\/wczasydoris.pl\/#organization","name":"Pokoje i Domki Doris w Stegnie","url":"https:\/\/wczasydoris.pl\/","sameAs":["https:\/\/www.facebook.com\/profile.php?id=100009230281409"],"logo":{"@type":"ImageObject","@id":"https:\/\/wczasydoris.pl\/#logo","inLanguage":"pl-PL","url":"https:\/\/wczasydoris.pl\/wp-content\/uploads\/2021\/08\/wczasydoris1500.png","contentUrl":"https:\/\/wczasydoris.pl\/wp-content\/uploads\/2021\/08\/wczasydoris1500.png","width":1500,"height":321,"caption":"Pokoje i Domki Doris w Stegnie"},"image":{"@id":"https:\/\/wczasydoris.pl\/#logo"}},{"@type":"WebSite","@id":"https:\/\/wczasydoris.pl\/#website","url":"https:\/\/wczasydoris.pl\/","name":"Pokoje i Domki Doris w Stegnie","description":"Pokoje i Domki Doris w Stegnie | Mierzeja Wi\u015blana","publisher":{"@id":"https:\/\/wczasydoris.pl\/#organization"},"potentialAction":[{"@type":"SearchAction","target":{"@type":"EntryPoint","urlTemplate":"https:\/\/wczasydoris.pl\/?s={search_term_string}"},"query-input":"required name=search_term_string"}],"inLanguage":"pl-PL"},{"@type":"ImageObject","@id":"https:\/\/wczasydoris.pl\/index.php\/atrakcje\/#primaryimage","inLanguage":"pl-PL","url":"https:\/\/wczasydoris.pl\/wp-content\/uploads\/2021\/08\/Mierzeja-Wislana2-_EON6199-internet.jpg","contentUrl":"https:\/\/wczasydoris.pl\/wp-content\/uploads\/2021\/08\/Mierzeja-Wislana2-_EON6199-internet.jpg","width":1920,"height":1280},{"@type":"WebPage","@id":"https:\/\/wczasydoris.pl\/index.php\/atrakcje\/#webpage","url":"https:\/\/wczasydoris.pl\/index.php\/atrakcje\/","name":"Atrakcje &bull; Wczasy Doris Stegna","isPartOf":{"@id":"https:\/\/wczasydoris.pl\/#website"},"primaryImageOfPage":{"@id":"https:\/\/wczasydoris.pl\/index.php\/atrakcje\/#primaryimage"},"datePublished":"2019-12-17T08:55:03+00:00","dateModified":"2021-08-11T08:45:19+00:00","breadcrumb":{"@id":"https:\/\/wczasydoris.pl\/index.php\/atrakcje\/#breadcrumb"},"inLanguage":"pl-PL","potentialAction":[{"@type":"ReadAction","target":["https:\/\/wczasydoris.pl\/index.php\/atrakcje\/"]}]},{"@type":"BreadcrumbList","@id":"https:\/\/wczasydoris.pl\/index.php\/atrakcje\/#breadcrumb","itemListElement":[{"@type":"ListItem","position":1,"name":"Strona g\u0142\u00f3wna","item":"https:\/\/wczasydoris.pl\/"},{"@type":"ListItem","position":2,"name":"Atrakcje"}]}]}},"_links":{"self":[{"href":"https:\/\/wczasydoris.pl\/index.php\/wp-json\/wp\/v2\/pages\/105"}],"collection":[{"href":"https:\/\/wczasydoris.pl\/index.php\/wp-json\/wp\/v2\/pages"}],"about":[{"href":"https:\/\/wczasydoris.pl\/index.php\/wp-json\/wp\/v2\/types\/page"}],"author":[{"embeddable":true,"href":"https:\/\/wczasydoris.pl\/index.php\/wp-json\/wp\/v2\/users\/1"}],"replies":[{"embeddable":true,"href":"https:\/\/wczasydoris.pl\/index.php\/wp-json\/wp\/v2\/comments?post=105"}],"version-history":[{"count":23,"href":"https:\/\/wczasydoris.pl\/index.php\/wp-json\/wp\/v2\/pages\/105\/revisions"}],"predecessor-version":[{"id":1103,"href":"https:\/\/wczasydoris.pl\/index.php\/wp-json\/wp\/v2\/pages\/105\/revisions\/1103"}],"wp:featuredmedia":[{"embeddable":true,"href":"https:\/\/wczasydoris.pl\/index.php\/wp-json\/wp\/v2\/media\/886"}],"wp:attachment":[{"href":"https:\/\/wczasydoris.pl\/index.php\/wp-json\/wp\/v2\/media?parent=105"}],"curies":[{"name":"wp","href":"https:\/\/api.w.org\/{rel}","templated":true}]}}